{"id":1692,"date":"2026-03-11T08:03:50","date_gmt":"2026-03-11T07:03:50","guid":{"rendered":"https:\/\/www.kalavia.it\/location-de-velos-et-de-velos-electriques\/"},"modified":"2026-03-13T11:37:35","modified_gmt":"2026-03-13T10:37:35","slug":"location-de-velos-et-de-velos-electriques","status":"publish","type":"page","link":"https:\/\/www.kalavia.it\/fr\/location-de-velos-et-de-velos-electriques\/","title":{"rendered":"Location de v\u00e9los et de v\u00e9los \u00e9lectriques"},"content":{"rendered":"\n<h2 class=\"wp-block-heading\">Location de v\u00e9los \u00e9lectriques<\/h2>\n\n<p>Il est actuellement possible de louer le mod\u00e8le Tivoli Agevole, un v\u00e9lo \u00e9lectrique adapt\u00e9 aux trajets sur les routes pav\u00e9es et les chemins de terre non techniques.  <\/p>\n\n<p>Disponible en tailles S, M et L.<\/p>\n\n<p>Il est \u00e9galement possible de louer un casque et des sacoches arri\u00e8re.<\/p>\n\n<p>Pour plus d&rsquo;informations sur la location, envoyez un courriel \u00e0 info@kalavia.it<\/p>\n\n<figure class=\"wp-block-image size-large\"><img loading=\"lazy\" decoding=\"async\" width=\"1024\" height=\"597\" src=\"https:\/\/www.kalavia.it\/wp-content\/uploads\/2026\/03\/Tivoli_Agevole-gold-1024x597.png\" alt=\"\" class=\"wp-image-1506\" srcset=\"https:\/\/www.kalavia.it\/wp-content\/uploads\/2026\/03\/Tivoli_Agevole-gold-1024x597.png 1024w, https:\/\/www.kalavia.it\/wp-content\/uploads\/2026\/03\/Tivoli_Agevole-gold-300x175.png 300w, https:\/\/www.kalavia.it\/wp-content\/uploads\/2026\/03\/Tivoli_Agevole-gold-768x448.png 768w, https:\/\/www.kalavia.it\/wp-content\/uploads\/2026\/03\/Tivoli_Agevole-gold-600x350.png 600w, https:\/\/www.kalavia.it\/wp-content\/uploads\/2026\/03\/Tivoli_Agevole-gold.png 1200w\" sizes=\"auto, (max-width: 1024px) 100vw, 1024px\" \/><\/figure>\n\n<p>TAILLES 43 &#8211; 48 &#8211; 53<br\/>FOURCHE RIGIDE 29&Prime;<br\/>POIDS 25.5 KG<br\/>ROUES F : SIGNUM URBAN 29&Prime; DISC 6HOLES, R : SIGNUM URBAN 29&Prime; 135MM DISC 6HOLES QR<br\/>FREINS SHIMANO MT200 HYDRAULIQUE DISQUE ROTOR 180-180<br\/>TRANSMISSION BOSCH PERFORMANCE CX 36V 250W 85NM TORQUE SMART SYSTEM<br\/>PNEUS SCHWALBE AL GROUNDER 29*2.35<br\/>BATTERIE BOSCH POWERTUBE 750WH<br\/>SELLE ITALIA S5 MOKKA<br\/><br\/><br\/><\/p>\n","protected":false},"excerpt":{"rendered":"<p>Location de v\u00e9los \u00e9lectriques Il est actuellement possible de louer le mod\u00e8le Tivoli Agevole, un v\u00e9lo \u00e9lectrique adapt\u00e9 aux trajets sur les routes pav\u00e9es et les chemins de terre non techniques. Disponible en tailles S, M et L. Il est \u00e9galement possible de louer un casque et des sacoches arri\u00e8re. Pour plus d&rsquo;informations sur la [&hellip;]<\/p>\n","protected":false},"author":2,"featured_media":0,"parent":0,"menu_order":0,"comment_status":"closed","ping_status":"closed","template":"","meta":{"footnotes":""},"class_list":["post-1692","page","type-page","status-publish","hentry"],"acf":[],"yoast_head":"<!-- This site is optimized with the Yoast SEO plugin v26.8 - https:\/\/yoast.com\/product\/yoast-seo-wordpress\/ -->\n<title>Location de v\u00e9los et de v\u00e9los \u00e9lectriques | Kalavia<\/title>\n<meta name=\"robots\" content=\"index, follow, max-snippet:-1, max-image-preview:large, max-video-preview:-1\" \/>\n<link rel=\"canonical\" href=\"https:\/\/www.kalavia.it\/fr\/location-de-velos-et-de-velos-electriques\/\" \/>\n<meta property=\"og:locale\" content=\"fr_FR\" \/>\n<meta property=\"og:type\" content=\"article\" \/>\n<meta property=\"og:title\" content=\"Location de v\u00e9los et de v\u00e9los \u00e9lectriques | Kalavia\" \/>\n<meta property=\"og:description\" content=\"Location de v\u00e9los \u00e9lectriques Il est actuellement possible de louer le mod\u00e8le Tivoli Agevole, un v\u00e9lo \u00e9lectrique adapt\u00e9 aux trajets sur les routes pav\u00e9es et les chemins de terre non techniques. Disponible en tailles S, M et L. Il est \u00e9galement possible de louer un casque et des sacoches arri\u00e8re. Pour plus d&rsquo;informations sur la [&hellip;]\" \/>\n<meta property=\"og:url\" content=\"https:\/\/www.kalavia.it\/fr\/location-de-velos-et-de-velos-electriques\/\" \/>\n<meta property=\"og:site_name\" content=\"Kalavia\" \/>\n<meta property=\"article:modified_time\" content=\"2026-03-13T10:37:35+00:00\" \/>\n<meta property=\"og:image\" content=\"https:\/\/www.kalavia.it\/wp-content\/uploads\/2026\/03\/Tivoli_Agevole-gold.png\" \/>\n\t<meta property=\"og:image:width\" content=\"1200\" \/>\n\t<meta property=\"og:image:height\" content=\"700\" \/>\n\t<meta property=\"og:image:type\" content=\"image\/png\" \/>\n<meta name=\"twitter:card\" content=\"summary_large_image\" \/>\n<meta name=\"twitter:label1\" content=\"Dur\u00e9e de lecture estim\u00e9e\" \/>\n\t<meta name=\"twitter:data1\" content=\"1 minute\" \/>\n<script type=\"application\/ld+json\" class=\"yoast-schema-graph\">{\"@context\":\"https:\/\/schema.org\",\"@graph\":[{\"@type\":\"WebPage\",\"@id\":\"https:\/\/www.kalavia.it\/fr\/location-de-velos-et-de-velos-electriques\/\",\"url\":\"https:\/\/www.kalavia.it\/fr\/location-de-velos-et-de-velos-electriques\/\",\"name\":\"Location de v\u00e9los et de v\u00e9los \u00e9lectriques | Kalavia\",\"isPartOf\":{\"@id\":\"https:\/\/www.kalavia.it\/fr\/#website\"},\"primaryImageOfPage\":{\"@id\":\"https:\/\/www.kalavia.it\/fr\/location-de-velos-et-de-velos-electriques\/#primaryimage\"},\"image\":{\"@id\":\"https:\/\/www.kalavia.it\/fr\/location-de-velos-et-de-velos-electriques\/#primaryimage\"},\"thumbnailUrl\":\"https:\/\/www.kalavia.it\/wp-content\/uploads\/2026\/03\/Tivoli_Agevole-gold-1024x597.png\",\"datePublished\":\"2026-03-11T07:03:50+00:00\",\"dateModified\":\"2026-03-13T10:37:35+00:00\",\"breadcrumb\":{\"@id\":\"https:\/\/www.kalavia.it\/fr\/location-de-velos-et-de-velos-electriques\/#breadcrumb\"},\"inLanguage\":\"fr-FR\",\"potentialAction\":[{\"@type\":\"ReadAction\",\"target\":[\"https:\/\/www.kalavia.it\/fr\/location-de-velos-et-de-velos-electriques\/\"]}]},{\"@type\":\"ImageObject\",\"inLanguage\":\"fr-FR\",\"@id\":\"https:\/\/www.kalavia.it\/fr\/location-de-velos-et-de-velos-electriques\/#primaryimage\",\"url\":\"https:\/\/www.kalavia.it\/wp-content\/uploads\/2026\/03\/Tivoli_Agevole-gold-1024x597.png\",\"contentUrl\":\"https:\/\/www.kalavia.it\/wp-content\/uploads\/2026\/03\/Tivoli_Agevole-gold-1024x597.png\"},{\"@type\":\"BreadcrumbList\",\"@id\":\"https:\/\/www.kalavia.it\/fr\/location-de-velos-et-de-velos-electriques\/#breadcrumb\",\"itemListElement\":[{\"@type\":\"ListItem\",\"position\":1,\"name\":\"Home\",\"item\":\"https:\/\/www.kalavia.it\/fr\/\"},{\"@type\":\"ListItem\",\"position\":2,\"name\":\"Location de v\u00e9los et de v\u00e9los \u00e9lectriques\"}]},{\"@type\":\"WebSite\",\"@id\":\"https:\/\/www.kalavia.it\/fr\/#website\",\"url\":\"https:\/\/www.kalavia.it\/fr\/\",\"name\":\"Kala Via\",\"description\":\"\",\"publisher\":{\"@id\":\"https:\/\/www.kalavia.it\/fr\/#organization\"},\"potentialAction\":[{\"@type\":\"SearchAction\",\"target\":{\"@type\":\"EntryPoint\",\"urlTemplate\":\"https:\/\/www.kalavia.it\/fr\/?s={search_term_string}\"},\"query-input\":{\"@type\":\"PropertyValueSpecification\",\"valueRequired\":true,\"valueName\":\"search_term_string\"}}],\"inLanguage\":\"fr-FR\"},{\"@type\":\"Organization\",\"@id\":\"https:\/\/www.kalavia.it\/fr\/#organization\",\"name\":\"Kala Via\",\"url\":\"https:\/\/www.kalavia.it\/fr\/\",\"logo\":{\"@type\":\"ImageObject\",\"inLanguage\":\"fr-FR\",\"@id\":\"https:\/\/www.kalavia.it\/fr\/#\/schema\/logo\/image\/\",\"url\":\"https:\/\/www.kalavia.it\/wp-content\/uploads\/2026\/01\/kalavia-logo-scheda-browser.jpg\",\"contentUrl\":\"https:\/\/www.kalavia.it\/wp-content\/uploads\/2026\/01\/kalavia-logo-scheda-browser.jpg\",\"width\":512,\"height\":512,\"caption\":\"Kala Via\"},\"image\":{\"@id\":\"https:\/\/www.kalavia.it\/fr\/#\/schema\/logo\/image\/\"}}]}<\/script>\n<!-- \/ Yoast SEO plugin. -->","yoast_head_json":{"title":"Location de v\u00e9los et de v\u00e9los \u00e9lectriques | Kalavia","robots":{"index":"index","follow":"follow","max-snippet":"max-snippet:-1","max-image-preview":"max-image-preview:large","max-video-preview":"max-video-preview:-1"},"canonical":"https:\/\/www.kalavia.it\/fr\/location-de-velos-et-de-velos-electriques\/","og_locale":"fr_FR","og_type":"article","og_title":"Location de v\u00e9los et de v\u00e9los \u00e9lectriques | Kalavia","og_description":"Location de v\u00e9los \u00e9lectriques Il est actuellement possible de louer le mod\u00e8le Tivoli Agevole, un v\u00e9lo \u00e9lectrique adapt\u00e9 aux trajets sur les routes pav\u00e9es et les chemins de terre non techniques. Disponible en tailles S, M et L. Il est \u00e9galement possible de louer un casque et des sacoches arri\u00e8re. Pour plus d&rsquo;informations sur la [&hellip;]","og_url":"https:\/\/www.kalavia.it\/fr\/location-de-velos-et-de-velos-electriques\/","og_site_name":"Kalavia","article_modified_time":"2026-03-13T10:37:35+00:00","og_image":[{"width":1200,"height":700,"url":"https:\/\/www.kalavia.it\/wp-content\/uploads\/2026\/03\/Tivoli_Agevole-gold.png","type":"image\/png"}],"twitter_card":"summary_large_image","twitter_misc":{"Dur\u00e9e de lecture estim\u00e9e":"1 minute"},"schema":{"@context":"https:\/\/schema.org","@graph":[{"@type":"WebPage","@id":"https:\/\/www.kalavia.it\/fr\/location-de-velos-et-de-velos-electriques\/","url":"https:\/\/www.kalavia.it\/fr\/location-de-velos-et-de-velos-electriques\/","name":"Location de v\u00e9los et de v\u00e9los \u00e9lectriques | Kalavia","isPartOf":{"@id":"https:\/\/www.kalavia.it\/fr\/#website"},"primaryImageOfPage":{"@id":"https:\/\/www.kalavia.it\/fr\/location-de-velos-et-de-velos-electriques\/#primaryimage"},"image":{"@id":"https:\/\/www.kalavia.it\/fr\/location-de-velos-et-de-velos-electriques\/#primaryimage"},"thumbnailUrl":"https:\/\/www.kalavia.it\/wp-content\/uploads\/2026\/03\/Tivoli_Agevole-gold-1024x597.png","datePublished":"2026-03-11T07:03:50+00:00","dateModified":"2026-03-13T10:37:35+00:00","breadcrumb":{"@id":"https:\/\/www.kalavia.it\/fr\/location-de-velos-et-de-velos-electriques\/#breadcrumb"},"inLanguage":"fr-FR","potentialAction":[{"@type":"ReadAction","target":["https:\/\/www.kalavia.it\/fr\/location-de-velos-et-de-velos-electriques\/"]}]},{"@type":"ImageObject","inLanguage":"fr-FR","@id":"https:\/\/www.kalavia.it\/fr\/location-de-velos-et-de-velos-electriques\/#primaryimage","url":"https:\/\/www.kalavia.it\/wp-content\/uploads\/2026\/03\/Tivoli_Agevole-gold-1024x597.png","contentUrl":"https:\/\/www.kalavia.it\/wp-content\/uploads\/2026\/03\/Tivoli_Agevole-gold-1024x597.png"},{"@type":"BreadcrumbList","@id":"https:\/\/www.kalavia.it\/fr\/location-de-velos-et-de-velos-electriques\/#breadcrumb","itemListElement":[{"@type":"ListItem","position":1,"name":"Home","item":"https:\/\/www.kalavia.it\/fr\/"},{"@type":"ListItem","position":2,"name":"Location de v\u00e9los et de v\u00e9los \u00e9lectriques"}]},{"@type":"WebSite","@id":"https:\/\/www.kalavia.it\/fr\/#website","url":"https:\/\/www.kalavia.it\/fr\/","name":"Kala Via","description":"","publisher":{"@id":"https:\/\/www.kalavia.it\/fr\/#organization"},"potentialAction":[{"@type":"SearchAction","target":{"@type":"EntryPoint","urlTemplate":"https:\/\/www.kalavia.it\/fr\/?s={search_term_string}"},"query-input":{"@type":"PropertyValueSpecification","valueRequired":true,"valueName":"search_term_string"}}],"inLanguage":"fr-FR"},{"@type":"Organization","@id":"https:\/\/www.kalavia.it\/fr\/#organization","name":"Kala Via","url":"https:\/\/www.kalavia.it\/fr\/","logo":{"@type":"ImageObject","inLanguage":"fr-FR","@id":"https:\/\/www.kalavia.it\/fr\/#\/schema\/logo\/image\/","url":"https:\/\/www.kalavia.it\/wp-content\/uploads\/2026\/01\/kalavia-logo-scheda-browser.jpg","contentUrl":"https:\/\/www.kalavia.it\/wp-content\/uploads\/2026\/01\/kalavia-logo-scheda-browser.jpg","width":512,"height":512,"caption":"Kala Via"},"image":{"@id":"https:\/\/www.kalavia.it\/fr\/#\/schema\/logo\/image\/"}}]}},"_links":{"self":[{"href":"https:\/\/www.kalavia.it\/fr\/wp-json\/wp\/v2\/pages\/1692","targetHints":{"allow":["GET"]}}],"collection":[{"href":"https:\/\/www.kalavia.it\/fr\/wp-json\/wp\/v2\/pages"}],"about":[{"href":"https:\/\/www.kalavia.it\/fr\/wp-json\/wp\/v2\/types\/page"}],"author":[{"embeddable":true,"href":"https:\/\/www.kalavia.it\/fr\/wp-json\/wp\/v2\/users\/2"}],"replies":[{"embeddable":true,"href":"https:\/\/www.kalavia.it\/fr\/wp-json\/wp\/v2\/comments?post=1692"}],"version-history":[{"count":0,"href":"https:\/\/www.kalavia.it\/fr\/wp-json\/wp\/v2\/pages\/1692\/revisions"}],"wp:attachment":[{"href":"https:\/\/www.kalavia.it\/fr\/wp-json\/wp\/v2\/media?parent=1692"}],"curies":[{"name":"wp","href":"https:\/\/api.w.org\/{rel}","templated":true}]}}