{"id":708,"date":"2026-01-27T10:48:23","date_gmt":"2026-01-27T09:48:23","guid":{"rendered":"https:\/\/www.kalavia.it\/carrello\/"},"modified":"2026-02-23T11:12:31","modified_gmt":"2026-02-23T10:12:31","slug":"carrello","status":"publish","type":"page","link":"https:\/\/www.kalavia.it\/fr\/carrello\/","title":{"rendered":"Carrello"},"content":{"rendered":"\n<div data-block-name=\"woocommerce\/cart\" class=\"wp-block-woocommerce-cart alignwide is-loading\">\n<div data-block-name=\"woocommerce\/filled-cart-block\" class=\"wp-block-woocommerce-filled-cart-block\">\n<div data-block-name=\"woocommerce\/cart-items-block\" class=\"wp-block-woocommerce-cart-items-block\">\n<div data-block-name=\"woocommerce\/cart-line-items-block\" class=\"wp-block-woocommerce-cart-line-items-block\"><\/div>\n\n\n<\/div>\n\n\n\n\n<div data-block-name=\"woocommerce\/cart-totals-block\" class=\"wp-block-woocommerce-cart-totals-block\">\n<div data-block-name=\"woocommerce\/cart-order-summary-block\" class=\"wp-block-woocommerce-cart-order-summary-block\">\n<div data-block-name=\"woocommerce\/cart-order-summary-heading-block\" class=\"wp-block-woocommerce-cart-order-summary-heading-block\"><\/div><div data-block-name=\"woocommerce\/cart-order-summary-coupon-form-block\" class=\"wp-block-woocommerce-cart-order-summary-coupon-form-block\"><\/div><div data-block-name=\"woocommerce\/cart-order-summary-totals-block\" class=\"wp-block-woocommerce-cart-order-summary-totals-block\">\n<div data-block-name=\"woocommerce\/cart-order-summary-subtotal-block\" class=\"wp-block-woocommerce-cart-order-summary-subtotal-block\"><\/div>\n<div data-block-name=\"woocommerce\/cart-order-summary-discount-block\" class=\"wp-block-woocommerce-cart-order-summary-discount-block\"><\/div>\n<div data-block-name=\"woocommerce\/cart-order-summary-fee-block\" class=\"wp-block-woocommerce-cart-order-summary-fee-block\"><\/div>\n<div data-block-name=\"woocommerce\/cart-order-summary-shipping-block\" class=\"wp-block-woocommerce-cart-order-summary-shipping-block\"><\/div>\n<div data-block-name=\"woocommerce\/cart-order-summary-taxes-block\" class=\"wp-block-woocommerce-cart-order-summary-taxes-block\"><\/div><\/div>\n<\/div>\n\n\n\n<div data-block-name=\"woocommerce-paypal-payments\/cart-paylater-messages\" data-pp-placement=\"cart\" data-pp-style-layout=\"text\" data-pp-style-logo-position=\"\" data-pp-style-logo-type=\"\" data-pp-style-text-color=\"\" data-pp-style-text-size=\"\" id=\"ppcp-cart-paylater-messages\" class=\"ppcp-messages\" data-partner-attribution-id=\"Woo_PPCP\"><\/div><div data-block-name=\"woocommerce\/cart-express-payment-block\" class=\"wp-block-woocommerce-cart-express-payment-block\"><\/div>\n\n\n\n<div data-block-name=\"woocommerce\/proceed-to-checkout-block\" class=\"wp-block-woocommerce-proceed-to-checkout-block\"><\/div>\n<div id=\"ppcp-recaptcha-v2-container\" style=\"margin:20px 0;\"><\/div>\n\n\n<div data-block-name=\"woocommerce\/cart-accepted-payment-methods-block\" class=\"wp-block-woocommerce-cart-accepted-payment-methods-block\"><\/div>\n<\/div>\n<\/div>\n\n\n\n<div data-block-name=\"woocommerce\/empty-cart-block\" class=\"wp-block-woocommerce-empty-cart-block\">\n<h2 class=\"wp-block-heading has-text-align-center with-empty-cart-icon wc-block-cart__empty-cart__title\">Il tuo carrello \u00e8 attualmente vuoto!<\/h2>\n\n\n\n<hr class=\"wp-block-separator has-alpha-channel-opacity is-style-dots\"\/>\n\n\n\n<h2 class=\"wp-block-heading has-text-align-center\">Novit\u00e0 in negozio<\/h2>\n\n\n<div data-block-name=\"woocommerce\/product-new\" data-columns=\"4\" data-rows=\"1\" class=\"wc-block-grid wp-block-product-new wp-block-woocommerce-product-new wc-block-product-new has-4-columns\"><ul class=\"wc-block-grid__products\"><li class=\"wc-block-grid__product\">\n\t\t\t\t<a href=\"https:\/\/www.kalavia.it\/fr\/voyages\/de-scilla-a-tropea-a-velo-au-coeur-de-la-calabre-sauvage-en-liberte\/\" class=\"wc-block-grid__product-link\">\n\t\t\t\t\t\n\t\t\t\t\t<div class=\"wc-block-grid__product-image\"><img loading=\"lazy\" decoding=\"async\" width=\"300\" height=\"300\" src=\"https:\/\/www.kalavia.it\/wp-content\/uploads\/2026\/03\/Chianalea-scaled-300x300.jpg\" class=\"attachment-woocommerce_thumbnail size-woocommerce_thumbnail\" alt=\"De Scilla \u00e0 Tropea via la v\u00e9loroute des Parcs de Calabre - en libert\u00e9\" srcset=\"https:\/\/www.kalavia.it\/wp-content\/uploads\/2026\/03\/Chianalea-scaled-300x300.jpg 300w, https:\/\/www.kalavia.it\/wp-content\/uploads\/2026\/03\/Chianalea-scaled-100x100.jpg 100w, https:\/\/www.kalavia.it\/wp-content\/uploads\/2026\/03\/Chianalea-150x150.jpg 150w\" sizes=\"auto, (max-width: 300px) 100vw, 300px\" \/><\/div>\n\t\t\t\t\t<div class=\"wc-block-grid__product-title\">De Scilla \u00e0 Tropea via la v\u00e9loroute des Parcs de Calabre &#8211; en libert\u00e9<\/div>\n\t\t\t\t<\/a>\n\t\t\t\t<div class=\"wc-block-grid__product-price price\"><span class=\"woocommerce-Price-amount amount\" aria-hidden=\"true\">1.050,00&nbsp;<span class=\"woocommerce-Price-currencySymbol\">&euro;<\/span><\/span> <span aria-hidden=\"true\">\u00a0\u2013\u00a0<\/span> <span class=\"woocommerce-Price-amount amount\" aria-hidden=\"true\">1.200,00&nbsp;<span class=\"woocommerce-Price-currencySymbol\">&euro;<\/span><\/span><span class=\"screen-reader-text\">Plage de prix\u00a0: 1.050,00&nbsp;&euro; \u00e0 1.200,00&nbsp;&euro;<\/span><\/div>\n\t\t\t\t\n\t\t\t\t<div class=\"wp-block-button wc-block-grid__product-add-to-cart\"><a href=\"https:\/\/www.kalavia.it\/fr\/voyages\/de-scilla-a-tropea-a-velo-au-coeur-de-la-calabre-sauvage-en-liberte\/\" aria-label=\"S\u00e9lectionner les options pour &ldquo;De Scilla \u00e0 Tropea via la v\u00e9loroute des Parcs de Calabre - en libert\u00e9&rdquo;\" data-quantity=\"1\" data-product_id=\"1564\" data-product_sku=\"\" data-price=\"1050\" rel=\"nofollow\" class=\"wp-block-button__link  add_to_cart_button\">Choix des options<\/a><\/div>\n\t\t\t<\/li><li class=\"wc-block-grid__product\">\n\t\t\t\t<a href=\"https:\/\/www.kalavia.it\/fr\/voyages\/la-veloroute-des-parcs-de-calabre\/\" class=\"wc-block-grid__product-link\">\n\t\t\t\t\t\n\t\t\t\t\t<div class=\"wc-block-grid__product-image\"><img loading=\"lazy\" decoding=\"async\" width=\"300\" height=\"300\" src=\"https:\/\/www.kalavia.it\/wp-content\/uploads\/2026\/02\/Ciclovia-dei-parchi-della-calabria-300x300.jpeg\" class=\"attachment-woocommerce_thumbnail size-woocommerce_thumbnail\" alt=\"La v\u00e9loroute des Parcs de Calabre\" srcset=\"https:\/\/www.kalavia.it\/wp-content\/uploads\/2026\/02\/Ciclovia-dei-parchi-della-calabria-300x300.jpeg 300w, https:\/\/www.kalavia.it\/wp-content\/uploads\/2026\/02\/Ciclovia-dei-parchi-della-calabria-150x150.jpeg 150w, https:\/\/www.kalavia.it\/wp-content\/uploads\/2026\/02\/Ciclovia-dei-parchi-della-calabria-100x100.jpeg 100w\" sizes=\"auto, (max-width: 300px) 100vw, 300px\" \/><\/div>\n\t\t\t\t\t<div class=\"wc-block-grid__product-title\">La v\u00e9loroute des Parcs de Calabre<\/div>\n\t\t\t\t<\/a>\n\t\t\t\t<div class=\"wc-block-grid__product-price price\"><\/div>\n\t\t\t\t\n\t\t\t\t<div class=\"wp-block-button wc-block-grid__product-add-to-cart\"><a href=\"https:\/\/www.kalavia.it\/fr\/voyages\/la-veloroute-des-parcs-de-calabre\/\" aria-label=\"En savoir plus sur &ldquo;La v\u00e9loroute des Parcs de Calabre&rdquo;\" data-quantity=\"1\" data-product_id=\"1714\" data-product_sku=\"\" data-price=\"0\" rel=\"nofollow\" class=\"wp-block-button__link  add_to_cart_button\">Lire la suite<\/a><\/div>\n\t\t\t<\/li><li class=\"wc-block-grid__product\">\n\t\t\t\t<a href=\"https:\/\/www.kalavia.it\/fr\/voyages\/a-velo-dans-le-geoparc-unesco-de-laspromonte\/\" class=\"wc-block-grid__product-link\">\n\t\t\t\t\t\n\t\t\t\t\t<div class=\"wc-block-grid__product-image\"><img loading=\"lazy\" decoding=\"async\" width=\"300\" height=\"300\" src=\"https:\/\/www.kalavia.it\/wp-content\/uploads\/2026\/01\/Pentidaatilo-300x300.jpg\" class=\"attachment-woocommerce_thumbnail size-woocommerce_thumbnail\" alt=\"\u00c0 v\u00e9lo dans le G\u00e9oparc UNESCO de l\u2019Aspromonte\" srcset=\"https:\/\/www.kalavia.it\/wp-content\/uploads\/2026\/01\/Pentidaatilo-300x300.jpg 300w, https:\/\/www.kalavia.it\/wp-content\/uploads\/2026\/01\/Pentidaatilo-100x100.jpg 100w, https:\/\/www.kalavia.it\/wp-content\/uploads\/2026\/01\/Pentidaatilo-150x150.jpg 150w\" sizes=\"auto, (max-width: 300px) 100vw, 300px\" \/><\/div>\n\t\t\t\t\t<div class=\"wc-block-grid__product-title\">\u00c0 v\u00e9lo dans le G\u00e9oparc UNESCO de l\u2019Aspromonte<\/div>\n\t\t\t\t<\/a>\n\t\t\t\t<div class=\"wc-block-grid__product-price price\"><span class=\"woocommerce-Price-amount amount\">950,00&nbsp;<span class=\"woocommerce-Price-currencySymbol\">&euro;<\/span><\/span><\/div>\n\t\t\t\t\n\t\t\t\t<div class=\"wp-block-button wc-block-grid__product-add-to-cart\"><a href=\"https:\/\/www.kalavia.it\/fr\/voyages\/a-velo-dans-le-geoparc-unesco-de-laspromonte\/\" aria-label=\"S\u00e9lectionner les options pour &ldquo;\u00c0 v\u00e9lo dans le G\u00e9oparc UNESCO de l\u2019Aspromonte&rdquo;\" data-quantity=\"1\" data-product_id=\"1343\" data-product_sku=\"\" data-price=\"950\" rel=\"nofollow\" class=\"wp-block-button__link  add_to_cart_button\">Choix des options<\/a><\/div>\n\t\t\t<\/li><li class=\"wc-block-grid__product\">\n\t\t\t\t<a href=\"https:\/\/www.kalavia.it\/fr\/voyages\/de-scilla-a-tropea-a-velo-au-coeur-de-la-calabre-sauvage\/\" class=\"wc-block-grid__product-link\">\n\t\t\t\t\t\n\t\t\t\t\t<div class=\"wc-block-grid__product-image\"><img loading=\"lazy\" decoding=\"async\" width=\"300\" height=\"300\" src=\"https:\/\/www.kalavia.it\/wp-content\/uploads\/2026\/01\/Scilla-1-300x300.jpg\" class=\"attachment-woocommerce_thumbnail size-woocommerce_thumbnail\" alt=\"De Scilla \u00e0 Tropea, \u00e0 v\u00e9lo au c\u0153ur de la Calabre sauvage\" srcset=\"https:\/\/www.kalavia.it\/wp-content\/uploads\/2026\/01\/Scilla-1-300x300.jpg 300w, https:\/\/www.kalavia.it\/wp-content\/uploads\/2026\/01\/Scilla-1-100x100.jpg 100w, https:\/\/www.kalavia.it\/wp-content\/uploads\/2026\/01\/Scilla-1-150x150.jpg 150w\" sizes=\"auto, (max-width: 300px) 100vw, 300px\" \/><\/div>\n\t\t\t\t\t<div class=\"wc-block-grid__product-title\">De Scilla \u00e0 Tropea, \u00e0 v\u00e9lo au c\u0153ur de la Calabre sauvage<\/div>\n\t\t\t\t<\/a>\n\t\t\t\t<div class=\"wc-block-grid__product-price price\"><span class=\"woocommerce-Price-amount amount\">1.200,00&nbsp;<span class=\"woocommerce-Price-currencySymbol\">&euro;<\/span><\/span><\/div>\n\t\t\t\t\n\t\t\t\t<div class=\"wp-block-button wc-block-grid__product-add-to-cart\"><a href=\"https:\/\/www.kalavia.it\/fr\/voyages\/de-scilla-a-tropea-a-velo-au-coeur-de-la-calabre-sauvage\/\" aria-label=\"S\u00e9lectionner les options pour &ldquo;De Scilla \u00e0 Tropea, \u00e0 v\u00e9lo au c\u0153ur de la Calabre sauvage&rdquo;\" data-quantity=\"1\" data-product_id=\"1448\" data-product_sku=\"\" data-price=\"1200\" rel=\"nofollow\" class=\"wp-block-button__link  add_to_cart_button\">Choix des options<\/a><\/div>\n\t\t\t<\/li><\/ul><\/div><\/div>\n<\/div>\n","protected":false},"excerpt":{"rendered":"","protected":false},"author":1,"featured_media":0,"parent":0,"menu_order":0,"comment_status":"closed","ping_status":"closed","template":"","meta":{"footnotes":""},"class_list":["post-708","page","type-page","status-publish","hentry"],"acf":[],"yoast_head":"<!-- This site is optimized with the Yoast SEO plugin v26.8 - https:\/\/yoast.com\/product\/yoast-seo-wordpress\/ -->\n<title>Carrello | Kalavia<\/title>\n<meta name=\"robots\" content=\"index, follow, max-snippet:-1, max-image-preview:large, max-video-preview:-1\" \/>\n<link rel=\"canonical\" href=\"https:\/\/www.kalavia.it\/fr\/carrello\/\" \/>\n<meta property=\"og:locale\" content=\"fr_FR\" \/>\n<meta property=\"og:type\" content=\"article\" \/>\n<meta property=\"og:title\" content=\"Carrello | Kalavia\" \/>\n<meta property=\"og:url\" content=\"https:\/\/www.kalavia.it\/fr\/carrello\/\" \/>\n<meta property=\"og:site_name\" content=\"Kalavia\" \/>\n<meta property=\"article:modified_time\" content=\"2026-02-23T10:12:31+00:00\" \/>\n<meta name=\"twitter:card\" content=\"summary_large_image\" \/>\n<script type=\"application\/ld+json\" class=\"yoast-schema-graph\">{\"@context\":\"https:\/\/schema.org\",\"@graph\":[{\"@type\":\"WebPage\",\"@id\":\"https:\/\/www.kalavia.it\/fr\/carrello\/\",\"url\":\"https:\/\/www.kalavia.it\/fr\/carrello\/\",\"name\":\"Carrello | Kalavia\",\"isPartOf\":{\"@id\":\"https:\/\/www.kalavia.it\/fr\/#website\"},\"datePublished\":\"2026-01-27T09:48:23+00:00\",\"dateModified\":\"2026-02-23T10:12:31+00:00\",\"breadcrumb\":{\"@id\":\"https:\/\/www.kalavia.it\/fr\/carrello\/#breadcrumb\"},\"inLanguage\":\"fr-FR\",\"potentialAction\":[{\"@type\":\"ReadAction\",\"target\":[\"https:\/\/www.kalavia.it\/fr\/carrello\/\"]}]},{\"@type\":\"BreadcrumbList\",\"@id\":\"https:\/\/www.kalavia.it\/fr\/carrello\/#breadcrumb\",\"itemListElement\":[{\"@type\":\"ListItem\",\"position\":1,\"name\":\"Home\",\"item\":\"https:\/\/www.kalavia.it\/fr\/\"},{\"@type\":\"ListItem\",\"position\":2,\"name\":\"Carrello\"}]},{\"@type\":\"WebSite\",\"@id\":\"https:\/\/www.kalavia.it\/fr\/#website\",\"url\":\"https:\/\/www.kalavia.it\/fr\/\",\"name\":\"Kala Via\",\"description\":\"\",\"publisher\":{\"@id\":\"https:\/\/www.kalavia.it\/fr\/#organization\"},\"potentialAction\":[{\"@type\":\"SearchAction\",\"target\":{\"@type\":\"EntryPoint\",\"urlTemplate\":\"https:\/\/www.kalavia.it\/fr\/?s={search_term_string}\"},\"query-input\":{\"@type\":\"PropertyValueSpecification\",\"valueRequired\":true,\"valueName\":\"search_term_string\"}}],\"inLanguage\":\"fr-FR\"},{\"@type\":\"Organization\",\"@id\":\"https:\/\/www.kalavia.it\/fr\/#organization\",\"name\":\"Kala Via\",\"url\":\"https:\/\/www.kalavia.it\/fr\/\",\"logo\":{\"@type\":\"ImageObject\",\"inLanguage\":\"fr-FR\",\"@id\":\"https:\/\/www.kalavia.it\/fr\/#\/schema\/logo\/image\/\",\"url\":\"https:\/\/www.kalavia.it\/wp-content\/uploads\/2026\/01\/kalavia-logo-scheda-browser.jpg\",\"contentUrl\":\"https:\/\/www.kalavia.it\/wp-content\/uploads\/2026\/01\/kalavia-logo-scheda-browser.jpg\",\"width\":512,\"height\":512,\"caption\":\"Kala Via\"},\"image\":{\"@id\":\"https:\/\/www.kalavia.it\/fr\/#\/schema\/logo\/image\/\"}}]}<\/script>\n<!-- \/ Yoast SEO plugin. -->","yoast_head_json":{"title":"Carrello | Kalavia","robots":{"index":"index","follow":"follow","max-snippet":"max-snippet:-1","max-image-preview":"max-image-preview:large","max-video-preview":"max-video-preview:-1"},"canonical":"https:\/\/www.kalavia.it\/fr\/carrello\/","og_locale":"fr_FR","og_type":"article","og_title":"Carrello | Kalavia","og_url":"https:\/\/www.kalavia.it\/fr\/carrello\/","og_site_name":"Kalavia","article_modified_time":"2026-02-23T10:12:31+00:00","twitter_card":"summary_large_image","schema":{"@context":"https:\/\/schema.org","@graph":[{"@type":"WebPage","@id":"https:\/\/www.kalavia.it\/fr\/carrello\/","url":"https:\/\/www.kalavia.it\/fr\/carrello\/","name":"Carrello | Kalavia","isPartOf":{"@id":"https:\/\/www.kalavia.it\/fr\/#website"},"datePublished":"2026-01-27T09:48:23+00:00","dateModified":"2026-02-23T10:12:31+00:00","breadcrumb":{"@id":"https:\/\/www.kalavia.it\/fr\/carrello\/#breadcrumb"},"inLanguage":"fr-FR","potentialAction":[{"@type":"ReadAction","target":["https:\/\/www.kalavia.it\/fr\/carrello\/"]}]},{"@type":"BreadcrumbList","@id":"https:\/\/www.kalavia.it\/fr\/carrello\/#breadcrumb","itemListElement":[{"@type":"ListItem","position":1,"name":"Home","item":"https:\/\/www.kalavia.it\/fr\/"},{"@type":"ListItem","position":2,"name":"Carrello"}]},{"@type":"WebSite","@id":"https:\/\/www.kalavia.it\/fr\/#website","url":"https:\/\/www.kalavia.it\/fr\/","name":"Kala Via","description":"","publisher":{"@id":"https:\/\/www.kalavia.it\/fr\/#organization"},"potentialAction":[{"@type":"SearchAction","target":{"@type":"EntryPoint","urlTemplate":"https:\/\/www.kalavia.it\/fr\/?s={search_term_string}"},"query-input":{"@type":"PropertyValueSpecification","valueRequired":true,"valueName":"search_term_string"}}],"inLanguage":"fr-FR"},{"@type":"Organization","@id":"https:\/\/www.kalavia.it\/fr\/#organization","name":"Kala Via","url":"https:\/\/www.kalavia.it\/fr\/","logo":{"@type":"ImageObject","inLanguage":"fr-FR","@id":"https:\/\/www.kalavia.it\/fr\/#\/schema\/logo\/image\/","url":"https:\/\/www.kalavia.it\/wp-content\/uploads\/2026\/01\/kalavia-logo-scheda-browser.jpg","contentUrl":"https:\/\/www.kalavia.it\/wp-content\/uploads\/2026\/01\/kalavia-logo-scheda-browser.jpg","width":512,"height":512,"caption":"Kala Via"},"image":{"@id":"https:\/\/www.kalavia.it\/fr\/#\/schema\/logo\/image\/"}}]}},"_links":{"self":[{"href":"https:\/\/www.kalavia.it\/fr\/wp-json\/wp\/v2\/pages\/708","targetHints":{"allow":["GET"]}}],"collection":[{"href":"https:\/\/www.kalavia.it\/fr\/wp-json\/wp\/v2\/pages"}],"about":[{"href":"https:\/\/www.kalavia.it\/fr\/wp-json\/wp\/v2\/types\/page"}],"author":[{"embeddable":true,"href":"https:\/\/www.kalavia.it\/fr\/wp-json\/wp\/v2\/users\/1"}],"replies":[{"embeddable":true,"href":"https:\/\/www.kalavia.it\/fr\/wp-json\/wp\/v2\/comments?post=708"}],"version-history":[{"count":0,"href":"https:\/\/www.kalavia.it\/fr\/wp-json\/wp\/v2\/pages\/708\/revisions"}],"wp:attachment":[{"href":"https:\/\/www.kalavia.it\/fr\/wp-json\/wp\/v2\/media?parent=708"}],"curies":[{"name":"wp","href":"https:\/\/api.w.org\/{rel}","templated":true}]}}