{"id":1343,"date":"2026-01-27T13:14:51","date_gmt":"2026-01-27T12:14:51","guid":{"rendered":"https:\/\/www.kalavia.it\/prodotto\/tour-guidato-nel-parco-nazionale-dellaspromonte\/"},"modified":"2026-04-03T11:17:16","modified_gmt":"2026-04-03T09:17:16","slug":"a-velo-dans-le-geoparc-unesco-de-laspromonte","status":"publish","type":"product","link":"https:\/\/www.kalavia.it\/fr\/voyages\/a-velo-dans-le-geoparc-unesco-de-laspromonte\/","title":{"rendered":"\u00c0 v\u00e9lo dans le G\u00e9oparc UNESCO de l\u2019Aspromonte"},"content":{"rendered":"<h3 data-start=\"122\" data-end=\"220\">Le Premier Tour \u00e0 V\u00e9lo et VTT \u00c9lectrique sur Plusieurs Jours dans le G\u00e9oparc de l\u2019Aspromonte<\/h3>\n<p data-start=\"222\" data-end=\"492\">Partez pour un voyage inoubliable de 7 jours \/ 6 nuits au c\u0153ur de la r\u00e9gion gr\u00e9co-calabraise de l\u2019Aspromonte. Cette r\u00e9gion isol\u00e9e a su pr\u00e9server sa langue unique, le <strong data-start=\"388\" data-end=\"407\">gr\u00e9co-calabrais<\/strong>, depuis l\u2019\u00e9poque de la Grande Gr\u00e8ce, gr\u00e2ce \u00e0 des si\u00e8cles d\u2019isolement g\u00e9ographique.<\/p>\n<p data-start=\"494\" data-end=\"691\">En suivant des routes tranquilles et pittoresques, vous d\u00e9couvrirez des villages anciens, des paysages \u00e0 couper le souffle sur le d\u00e9troit de Messine et la beaut\u00e9 sauvage et intacte de la Calabre.<\/p>\n<h3 data-start=\"698\" data-end=\"714\">L\u2019Aventure<\/h3>\n<p data-start=\"716\" data-end=\"1496\"><strong data-start=\"716\" data-end=\"778\">Jour 1 : Reggio de Calabre \u2013 Pentidattilo | 42 km, 1 539 m<\/strong><br data-start=\"778\" data-end=\"781\" \/>Commencez votre voyage par un accueil chaleureux de notre guide et de notre \u00e9quipe, avec mise au point des v\u00e9los et informations essentielles. D\u00e9part pr\u00e9vu avant 14h00. L\u2019itin\u00e9raire vous m\u00e8ne au <strong data-start=\"976\" data-end=\"1003\">Ch\u00e2teau de Sant\u2019Aniceto<\/strong>, une forteresse byzantine parfaitement conserv\u00e9e avec une vue panoramique sur la c\u00f4te et le d\u00e9troit de Messine. En traversant des villages pittoresques et des terres agricoles paisibles, vous atteindrez <strong data-start=\"1207\" data-end=\"1223\">Pentidattilo<\/strong>, un village abandonn\u00e9 perch\u00e9 sur un rocher, nomm\u00e9 d\u2019apr\u00e8s la forme de la montagne qui rappelle une main \u00e0 cinq doigts. Profitez d\u2019un panorama spectaculaire, explorez le village et impr\u00e9gnez-vous de son atmosph\u00e8re hors du temps. D\u00eener et nuit\u00e9e dans un h\u00e9bergement rural.<\/p>\n<p data-start=\"716\" data-end=\"1496\">\u00a0\u00a0<img loading=\"lazy\" decoding=\"async\" class=\"alignnone wp-image-1408\" src=\"https:\/\/www.kalavia.it\/wp-content\/uploads\/2026\/01\/489450717_1223784219751622_2878281401951475141_n-300x225.jpg\" alt=\"\" width=\"592\" height=\"444\" srcset=\"https:\/\/www.kalavia.it\/wp-content\/uploads\/2026\/01\/489450717_1223784219751622_2878281401951475141_n-300x225.jpg 300w, https:\/\/www.kalavia.it\/wp-content\/uploads\/2026\/01\/489450717_1223784219751622_2878281401951475141_n-600x450.jpg 600w, https:\/\/www.kalavia.it\/wp-content\/uploads\/2026\/01\/489450717_1223784219751622_2878281401951475141_n-1024x768.jpg 1024w, https:\/\/www.kalavia.it\/wp-content\/uploads\/2026\/01\/489450717_1223784219751622_2878281401951475141_n-768x576.jpg 768w, https:\/\/www.kalavia.it\/wp-content\/uploads\/2026\/01\/489450717_1223784219751622_2878281401951475141_n-1536x1152.jpg 1536w, https:\/\/www.kalavia.it\/wp-content\/uploads\/2026\/01\/489450717_1223784219751622_2878281401951475141_n.jpg 2048w\" sizes=\"auto, (max-width: 592px) 100vw, 592px\" \/><\/p>\n<p data-start=\"1498\" data-end=\"2124\"><strong data-start=\"1498\" data-end=\"1552\">Jour 2 : Pentidattilo \u2013 Amendolea | 34 km, 1 100 m<\/strong><br data-start=\"1552\" data-end=\"1555\" \/>P\u00e9dalez \u00e0 travers la campagne calme jusqu\u2019\u00e0 <strong data-start=\"1599\" data-end=\"1611\">Bagaladi<\/strong>, un petit village entour\u00e9 de vergers d\u2019agrumes et du parfum du bergamot. L\u2019itin\u00e9raire devient plus sauvage en montant vers <strong data-start=\"1735\" data-end=\"1750\">Monte Scafi<\/strong>, avec for\u00eats, gorges et rochers offrant des vues spectaculaires. Continuez vers <strong data-start=\"1831\" data-end=\"1845\">Gallician\u00f2<\/strong>, \u00ab le village de l\u2019\u00e2me grecque \u00bb, o\u00f9 la culture et la langue gr\u00e9co-calabraises sont encore vivantes. Terminez la journ\u00e9e \u00e0 <strong data-start=\"1969\" data-end=\"1982\">Amendolea<\/strong>, entour\u00e9e d\u2019oliviers et d\u2019agrumes, un endroit parfait pour se reposer et d\u00e9guster des produits locaux. D\u00eener et nuit\u00e9e dans un agriturismo.<\/p>\n<p data-start=\"1498\" data-end=\"2124\"><img loading=\"lazy\" decoding=\"async\" class=\"alignnone wp-image-1664\" src=\"https:\/\/www.kalavia.it\/wp-content\/uploads\/2026\/01\/old-village-Calabria-300x169.jpg\" alt=\"\" width=\"598\" height=\"337\" srcset=\"https:\/\/www.kalavia.it\/wp-content\/uploads\/2026\/01\/old-village-Calabria-300x169.jpg 300w, https:\/\/www.kalavia.it\/wp-content\/uploads\/2026\/01\/old-village-Calabria-scaled-600x338.jpg 600w, https:\/\/www.kalavia.it\/wp-content\/uploads\/2026\/01\/old-village-Calabria-1024x576.jpg 1024w, https:\/\/www.kalavia.it\/wp-content\/uploads\/2026\/01\/old-village-Calabria-768x432.jpg 768w, https:\/\/www.kalavia.it\/wp-content\/uploads\/2026\/01\/old-village-Calabria-1536x864.jpg 1536w, https:\/\/www.kalavia.it\/wp-content\/uploads\/2026\/01\/old-village-Calabria-2048x1152.jpg 2048w\" sizes=\"auto, (max-width: 598px) 100vw, 598px\" \/><\/p>\n<p data-start=\"2126\" data-end=\"2775\"><strong data-start=\"2126\" data-end=\"2172\">Jour 3 : Amendolea \u2013 Bova | 37 km, 1 700 m<\/strong><br data-start=\"2172\" data-end=\"2175\" \/>Cette \u00e9tape commence dans la vall\u00e9e d\u2019Amendolea, au c\u0153ur d\u2019un paysage sec et min\u00e9ral domin\u00e9 par les ruines d\u2019un ancien ch\u00e2teau normand. L\u2019ascension vers la <strong data-start=\"2331\" data-end=\"2350\">Rocca del Drago<\/strong> offre des vues spectaculaires sur les gorges profondes et les montagnes de l\u2019Aspromonte. L\u2019itin\u00e9raire continue vers <strong data-start=\"2467\" data-end=\"2475\">Bova<\/strong>, l\u2019un des plus beaux villages grecs de Calabre, perch\u00e9 sur un promontoire rocheux. Fl\u00e2nez dans ses rues pav\u00e9es, admirez les maisons en pierre et plongez dans une atmosph\u00e8re intemporelle. Possibilit\u00e9 de visiter le Mus\u00e9e de la culture gr\u00e9co-calabraise. D\u00eener dans un restaurant local et nuit en B&amp;B.<\/p>\n<p data-start=\"2126\" data-end=\"2775\"><img loading=\"lazy\" decoding=\"async\" class=\"alignnone wp-image-1697\" src=\"https:\/\/www.kalavia.it\/wp-content\/uploads\/2026\/01\/Amendolea-Castle-300x200.jpeg\" alt=\"\" width=\"594\" height=\"396\" srcset=\"https:\/\/www.kalavia.it\/wp-content\/uploads\/2026\/01\/Amendolea-Castle-300x200.jpeg 300w, https:\/\/www.kalavia.it\/wp-content\/uploads\/2026\/01\/Amendolea-Castle-scaled-600x400.jpeg 600w, https:\/\/www.kalavia.it\/wp-content\/uploads\/2026\/01\/Amendolea-Castle-1024x683.jpeg 1024w, https:\/\/www.kalavia.it\/wp-content\/uploads\/2026\/01\/Amendolea-Castle-768x512.jpeg 768w, https:\/\/www.kalavia.it\/wp-content\/uploads\/2026\/01\/Amendolea-Castle-1536x1024.jpeg 1536w, https:\/\/www.kalavia.it\/wp-content\/uploads\/2026\/01\/Amendolea-Castle-2048x1365.jpeg 2048w\" sizes=\"auto, (max-width: 594px) 100vw, 594px\" \/><\/p>\n<p data-start=\"2777\" data-end=\"3274\"><strong data-start=\"2777\" data-end=\"2821\">Jour 4 : Bova \u2013 Palizzi | 43 km, 1 072 m<\/strong><br data-start=\"2821\" data-end=\"2824\" \/>Depuis Bova, la route monte avant de descendre vers <strong data-start=\"2876\" data-end=\"2886\">Staiti<\/strong>, un petit village suspendu entre ciel et mer, avec des reflets bleus de la c\u00f4te ionienne au loin. Continuez jusqu\u2019\u00e0 <strong data-start=\"3003\" data-end=\"3014\">Palizzi<\/strong>, l\u2019un des villages les plus anciens et pittoresques de la r\u00e9gion, avec ses ruelles sinueuses et les vestiges d\u2019un ch\u00e2teau m\u00e9di\u00e9val. Une \u00e9tape o\u00f9 nature, histoire et tranquillit\u00e9 se rencontrent en parfaite harmonie. D\u00eener et nuit\u00e9e dans un h\u00e9bergement rural.<\/p>\n<p data-start=\"3276\" data-end=\"3664\"><strong data-start=\"3276\" data-end=\"3320\">Jour 5 : Palizzi \u2013 Bianco | 43 km, 515 m<\/strong><br data-start=\"3320\" data-end=\"3323\" \/>Retour vers la mer en descendant progressivement des reliefs int\u00e9rieurs jusqu\u2019\u00e0 atteindre la c\u00f4te ionienne et ses plages dor\u00e9es. \u00c0 <strong data-start=\"3454\" data-end=\"3464\">Bianco<\/strong>, charmante station baln\u00e9aire entour\u00e9e de vignobles et d\u2019oliviers, profitez de la lumi\u00e8re douce et de la brise marine pour vous d\u00e9tendre apr\u00e8s plusieurs jours en montagne. Possibilit\u00e9 de visiter les mosa\u00efques de la villa romaine de Casignana.<\/p>\n<p data-start=\"3276\" data-end=\"3664\">D\u00eener et nuit\u00e9e \u00e0 l\u2019h\u00f4tel.<\/p>\n<p data-start=\"3276\" data-end=\"3664\"><img loading=\"lazy\" decoding=\"async\" class=\"alignnone wp-image-1687\" src=\"https:\/\/www.kalavia.it\/wp-content\/uploads\/2026\/01\/casignana-300x204.jpeg\" alt=\"\" width=\"596\" height=\"405\" srcset=\"https:\/\/www.kalavia.it\/wp-content\/uploads\/2026\/01\/casignana-300x204.jpeg 300w, https:\/\/www.kalavia.it\/wp-content\/uploads\/2026\/01\/casignana-scaled-600x408.jpeg 600w, https:\/\/www.kalavia.it\/wp-content\/uploads\/2026\/01\/casignana-1024x696.jpeg 1024w, https:\/\/www.kalavia.it\/wp-content\/uploads\/2026\/01\/casignana-768x522.jpeg 768w, https:\/\/www.kalavia.it\/wp-content\/uploads\/2026\/01\/casignana-1536x1044.jpeg 1536w, https:\/\/www.kalavia.it\/wp-content\/uploads\/2026\/01\/casignana-2048x1392.jpeg 2048w\" sizes=\"auto, (max-width: 596px) 100vw, 596px\" \/><\/p>\n<p data-start=\"3666\" data-end=\"4193\"><strong data-start=\"3666\" data-end=\"3715\">Jour 6 : Bianco \u2013 Antonimina | 55 km, 1 600 m<\/strong><br data-start=\"3715\" data-end=\"3718\" \/>L\u2019itin\u00e9raire remonte vers l\u2019int\u00e9rieur par de petites routes bord\u00e9es d\u2019amandiers et de ch\u00eanes-li\u00e8ges. L\u2019\u00e9tape atteint son point culminant \u00e0 <strong data-start=\"3857\" data-end=\"3873\">Pietra Cappa<\/strong>, impressionnant monolithe naturel et symbole du Parc national de l\u2019Aspromonte. Apr\u00e8s une pause pour admirer ce site spectaculaire, la descente m\u00e8ne \u00e0 <strong data-start=\"4024\" data-end=\"4038\">Antonimina<\/strong>, village paisible entour\u00e9 de collines et de for\u00eats. D\u00eener dans une ferme locale avec d\u00e9gustation de plats traditionnels. Nuit dans un h\u00e9bergement rural.<\/p>\n<p data-start=\"3666\" data-end=\"4193\"><img loading=\"lazy\" decoding=\"async\" class=\"alignnone wp-image-1128\" src=\"https:\/\/www.kalavia.it\/wp-content\/uploads\/2026\/01\/trekking-calabria-pietra-cappa-300x200.jpg\" alt=\"\" width=\"599\" height=\"399\" srcset=\"https:\/\/www.kalavia.it\/wp-content\/uploads\/2026\/01\/trekking-calabria-pietra-cappa-300x200.jpg 300w, https:\/\/www.kalavia.it\/wp-content\/uploads\/2026\/01\/trekking-calabria-pietra-cappa-600x399.jpg 600w, https:\/\/www.kalavia.it\/wp-content\/uploads\/2026\/01\/trekking-calabria-pietra-cappa-1024x681.jpg 1024w, https:\/\/www.kalavia.it\/wp-content\/uploads\/2026\/01\/trekking-calabria-pietra-cappa-768x511.jpg 768w, https:\/\/www.kalavia.it\/wp-content\/uploads\/2026\/01\/trekking-calabria-pietra-cappa.jpg 1030w\" sizes=\"auto, (max-width: 599px) 100vw, 599px\" \/><\/p>\n<p data-start=\"4195\" data-end=\"4343\"><strong data-start=\"4195\" data-end=\"4258\">Jour 7 : Antonimina \u2013 Reggio de Calabre | Retour en train ou minibus<\/strong><br data-start=\"4258\" data-end=\"4261\" \/>Apr\u00e8s le petit-d\u00e9jeuner, visite de Gerace et de sa cath\u00e9drale byzantine et retour confortable \u00e0 Reggio de Calabre en environ 1h30.<\/p>\n<p><img loading=\"lazy\" decoding=\"async\" class=\" wp-image-1700\" src=\"https:\/\/www.kalavia.it\/wp-content\/uploads\/2026\/01\/Gerace-Cathedral-300x200.jpeg\" alt=\"\" width=\"597\" height=\"398\" srcset=\"https:\/\/www.kalavia.it\/wp-content\/uploads\/2026\/01\/Gerace-Cathedral-300x200.jpeg 300w, https:\/\/www.kalavia.it\/wp-content\/uploads\/2026\/01\/Gerace-Cathedral-scaled-600x400.jpeg 600w, https:\/\/www.kalavia.it\/wp-content\/uploads\/2026\/01\/Gerace-Cathedral-1024x683.jpeg 1024w, https:\/\/www.kalavia.it\/wp-content\/uploads\/2026\/01\/Gerace-Cathedral-768x512.jpeg 768w, https:\/\/www.kalavia.it\/wp-content\/uploads\/2026\/01\/Gerace-Cathedral-1536x1024.jpeg 1536w, https:\/\/www.kalavia.it\/wp-content\/uploads\/2026\/01\/Gerace-Cathedral-2048x1365.jpeg 2048w\" sizes=\"auto, (max-width: 597px) 100vw, 597px\" \/><\/p>\n","protected":false},"excerpt":{"rendered":"<p>Ce voyage en six \u00e9tapes traverse le c\u0153ur de l&rsquo;Aspromonte, r\u00e9gion hell\u00e9nophone. Gr\u00e2ce \u00e0 son isolement g\u00e9ographique durant des si\u00e8cles, la r\u00e9gion a su pr\u00e9server sa propre langue, le grec ancien, h\u00e9ritage de la Grande Gr\u00e8ce. Au programme\u00a0: villes fant\u00f4mes, nature sauvage et pr\u00e9serv\u00e9e, et paysages uniques surplombant le d\u00e9troit de Messine.<\/p>\n","protected":false},"featured_media":1684,"comment_status":"open","ping_status":"closed","template":"","meta":[],"product_brand":[],"product_cat":[235,243,236,234],"product_tag":[],"class_list":{"0":"post-1343","1":"product","2":"type-product","3":"status-publish","4":"has-post-thumbnail","6":"product_cat-e-bike","7":"product_cat-nature-2","8":"product_cat-guided","9":"product_cat-velo","11":"first","12":"instock","13":"shipping-taxable","14":"purchasable","15":"product-type-variable"},"acf":[],"yoast_head":"<!-- This site is optimized with the Yoast SEO plugin v26.8 - https:\/\/yoast.com\/product\/yoast-seo-wordpress\/ -->\n<title>\u00c0 v\u00e9lo dans le G\u00e9oparc UNESCO de l\u2019Aspromonte | Kalavia<\/title>\n<meta name=\"robots\" content=\"index, follow, max-snippet:-1, max-image-preview:large, max-video-preview:-1\" \/>\n<link rel=\"canonical\" href=\"https:\/\/www.kalavia.it\/fr\/voyages\/a-velo-dans-le-geoparc-unesco-de-laspromonte\/\" \/>\n<meta property=\"og:locale\" content=\"fr_FR\" \/>\n<meta property=\"og:type\" content=\"article\" \/>\n<meta property=\"og:title\" content=\"\u00c0 v\u00e9lo dans le G\u00e9oparc UNESCO de l\u2019Aspromonte | Kalavia\" \/>\n<meta property=\"og:description\" content=\"Ce voyage en six \u00e9tapes traverse le c\u0153ur de l&#039;Aspromonte, r\u00e9gion hell\u00e9nophone. Gr\u00e2ce \u00e0 son isolement g\u00e9ographique durant des si\u00e8cles, la r\u00e9gion a su pr\u00e9server sa propre langue, le grec ancien, h\u00e9ritage de la Grande Gr\u00e8ce. Au programme\u00a0: villes fant\u00f4mes, nature sauvage et pr\u00e9serv\u00e9e, et paysages uniques surplombant le d\u00e9troit de Messine.\" \/>\n<meta property=\"og:url\" content=\"https:\/\/www.kalavia.it\/fr\/voyages\/a-velo-dans-le-geoparc-unesco-de-laspromonte\/\" \/>\n<meta property=\"og:site_name\" content=\"Kalavia\" \/>\n<meta property=\"article:modified_time\" content=\"2026-04-03T09:17:16+00:00\" \/>\n<meta property=\"og:image\" content=\"https:\/\/www.kalavia.it\/wp-content\/uploads\/2026\/01\/Pentidaatilo.jpg\" \/>\n\t<meta property=\"og:image:width\" content=\"2048\" \/>\n\t<meta property=\"og:image:height\" content=\"1536\" \/>\n\t<meta property=\"og:image:type\" content=\"image\/jpeg\" \/>\n<meta name=\"twitter:card\" content=\"summary_large_image\" \/>\n<meta name=\"twitter:label1\" content=\"Dur\u00e9e de lecture estim\u00e9e\" \/>\n\t<meta name=\"twitter:data1\" content=\"5 minutes\" \/>\n<script type=\"application\/ld+json\" class=\"yoast-schema-graph\">{\"@context\":\"https:\/\/schema.org\",\"@graph\":[{\"@type\":\"WebPage\",\"@id\":\"https:\/\/www.kalavia.it\/fr\/voyages\/a-velo-dans-le-geoparc-unesco-de-laspromonte\/\",\"url\":\"https:\/\/www.kalavia.it\/fr\/voyages\/a-velo-dans-le-geoparc-unesco-de-laspromonte\/\",\"name\":\"\u00c0 v\u00e9lo dans le G\u00e9oparc UNESCO de l\u2019Aspromonte | Kalavia\",\"isPartOf\":{\"@id\":\"https:\/\/www.kalavia.it\/fr\/#website\"},\"primaryImageOfPage\":{\"@id\":\"https:\/\/www.kalavia.it\/fr\/voyages\/a-velo-dans-le-geoparc-unesco-de-laspromonte\/#primaryimage\"},\"image\":{\"@id\":\"https:\/\/www.kalavia.it\/fr\/voyages\/a-velo-dans-le-geoparc-unesco-de-laspromonte\/#primaryimage\"},\"thumbnailUrl\":\"https:\/\/www.kalavia.it\/wp-content\/uploads\/2026\/01\/Pentidaatilo.jpg\",\"datePublished\":\"2026-01-27T12:14:51+00:00\",\"dateModified\":\"2026-04-03T09:17:16+00:00\",\"breadcrumb\":{\"@id\":\"https:\/\/www.kalavia.it\/fr\/voyages\/a-velo-dans-le-geoparc-unesco-de-laspromonte\/#breadcrumb\"},\"inLanguage\":\"fr-FR\",\"potentialAction\":[{\"@type\":\"ReadAction\",\"target\":[\"https:\/\/www.kalavia.it\/fr\/voyages\/a-velo-dans-le-geoparc-unesco-de-laspromonte\/\"]}]},{\"@type\":\"ImageObject\",\"inLanguage\":\"fr-FR\",\"@id\":\"https:\/\/www.kalavia.it\/fr\/voyages\/a-velo-dans-le-geoparc-unesco-de-laspromonte\/#primaryimage\",\"url\":\"https:\/\/www.kalavia.it\/wp-content\/uploads\/2026\/01\/Pentidaatilo.jpg\",\"contentUrl\":\"https:\/\/www.kalavia.it\/wp-content\/uploads\/2026\/01\/Pentidaatilo.jpg\",\"width\":2048,\"height\":1536},{\"@type\":\"BreadcrumbList\",\"@id\":\"https:\/\/www.kalavia.it\/fr\/voyages\/a-velo-dans-le-geoparc-unesco-de-laspromonte\/#breadcrumb\",\"itemListElement\":[{\"@type\":\"ListItem\",\"position\":1,\"name\":\"Home\",\"item\":\"https:\/\/www.kalavia.it\/fr\/\"},{\"@type\":\"ListItem\",\"position\":2,\"name\":\"Voyage\",\"item\":\"https:\/\/www.kalavia.it\/fr\/voyages\/\"},{\"@type\":\"ListItem\",\"position\":3,\"name\":\"\u00c0 v\u00e9lo dans le G\u00e9oparc UNESCO de l\u2019Aspromonte\"}]},{\"@type\":\"WebSite\",\"@id\":\"https:\/\/www.kalavia.it\/fr\/#website\",\"url\":\"https:\/\/www.kalavia.it\/fr\/\",\"name\":\"Kala Via\",\"description\":\"\",\"publisher\":{\"@id\":\"https:\/\/www.kalavia.it\/fr\/#organization\"},\"potentialAction\":[{\"@type\":\"SearchAction\",\"target\":{\"@type\":\"EntryPoint\",\"urlTemplate\":\"https:\/\/www.kalavia.it\/fr\/?s={search_term_string}\"},\"query-input\":{\"@type\":\"PropertyValueSpecification\",\"valueRequired\":true,\"valueName\":\"search_term_string\"}}],\"inLanguage\":\"fr-FR\"},{\"@type\":\"Organization\",\"@id\":\"https:\/\/www.kalavia.it\/fr\/#organization\",\"name\":\"Kala Via\",\"url\":\"https:\/\/www.kalavia.it\/fr\/\",\"logo\":{\"@type\":\"ImageObject\",\"inLanguage\":\"fr-FR\",\"@id\":\"https:\/\/www.kalavia.it\/fr\/#\/schema\/logo\/image\/\",\"url\":\"https:\/\/www.kalavia.it\/wp-content\/uploads\/2026\/01\/kalavia-logo-scheda-browser.jpg\",\"contentUrl\":\"https:\/\/www.kalavia.it\/wp-content\/uploads\/2026\/01\/kalavia-logo-scheda-browser.jpg\",\"width\":512,\"height\":512,\"caption\":\"Kala Via\"},\"image\":{\"@id\":\"https:\/\/www.kalavia.it\/fr\/#\/schema\/logo\/image\/\"}}]}<\/script>\n<!-- \/ Yoast SEO plugin. -->","yoast_head_json":{"title":"\u00c0 v\u00e9lo dans le G\u00e9oparc UNESCO de l\u2019Aspromonte | Kalavia","robots":{"index":"index","follow":"follow","max-snippet":"max-snippet:-1","max-image-preview":"max-image-preview:large","max-video-preview":"max-video-preview:-1"},"canonical":"https:\/\/www.kalavia.it\/fr\/voyages\/a-velo-dans-le-geoparc-unesco-de-laspromonte\/","og_locale":"fr_FR","og_type":"article","og_title":"\u00c0 v\u00e9lo dans le G\u00e9oparc UNESCO de l\u2019Aspromonte | Kalavia","og_description":"Ce voyage en six \u00e9tapes traverse le c\u0153ur de l'Aspromonte, r\u00e9gion hell\u00e9nophone. Gr\u00e2ce \u00e0 son isolement g\u00e9ographique durant des si\u00e8cles, la r\u00e9gion a su pr\u00e9server sa propre langue, le grec ancien, h\u00e9ritage de la Grande Gr\u00e8ce. Au programme\u00a0: villes fant\u00f4mes, nature sauvage et pr\u00e9serv\u00e9e, et paysages uniques surplombant le d\u00e9troit de Messine.","og_url":"https:\/\/www.kalavia.it\/fr\/voyages\/a-velo-dans-le-geoparc-unesco-de-laspromonte\/","og_site_name":"Kalavia","article_modified_time":"2026-04-03T09:17:16+00:00","og_image":[{"width":2048,"height":1536,"url":"https:\/\/www.kalavia.it\/wp-content\/uploads\/2026\/01\/Pentidaatilo.jpg","type":"image\/jpeg"}],"twitter_card":"summary_large_image","twitter_misc":{"Dur\u00e9e de lecture estim\u00e9e":"5 minutes"},"schema":{"@context":"https:\/\/schema.org","@graph":[{"@type":"WebPage","@id":"https:\/\/www.kalavia.it\/fr\/voyages\/a-velo-dans-le-geoparc-unesco-de-laspromonte\/","url":"https:\/\/www.kalavia.it\/fr\/voyages\/a-velo-dans-le-geoparc-unesco-de-laspromonte\/","name":"\u00c0 v\u00e9lo dans le G\u00e9oparc UNESCO de l\u2019Aspromonte | Kalavia","isPartOf":{"@id":"https:\/\/www.kalavia.it\/fr\/#website"},"primaryImageOfPage":{"@id":"https:\/\/www.kalavia.it\/fr\/voyages\/a-velo-dans-le-geoparc-unesco-de-laspromonte\/#primaryimage"},"image":{"@id":"https:\/\/www.kalavia.it\/fr\/voyages\/a-velo-dans-le-geoparc-unesco-de-laspromonte\/#primaryimage"},"thumbnailUrl":"https:\/\/www.kalavia.it\/wp-content\/uploads\/2026\/01\/Pentidaatilo.jpg","datePublished":"2026-01-27T12:14:51+00:00","dateModified":"2026-04-03T09:17:16+00:00","breadcrumb":{"@id":"https:\/\/www.kalavia.it\/fr\/voyages\/a-velo-dans-le-geoparc-unesco-de-laspromonte\/#breadcrumb"},"inLanguage":"fr-FR","potentialAction":[{"@type":"ReadAction","target":["https:\/\/www.kalavia.it\/fr\/voyages\/a-velo-dans-le-geoparc-unesco-de-laspromonte\/"]}]},{"@type":"ImageObject","inLanguage":"fr-FR","@id":"https:\/\/www.kalavia.it\/fr\/voyages\/a-velo-dans-le-geoparc-unesco-de-laspromonte\/#primaryimage","url":"https:\/\/www.kalavia.it\/wp-content\/uploads\/2026\/01\/Pentidaatilo.jpg","contentUrl":"https:\/\/www.kalavia.it\/wp-content\/uploads\/2026\/01\/Pentidaatilo.jpg","width":2048,"height":1536},{"@type":"BreadcrumbList","@id":"https:\/\/www.kalavia.it\/fr\/voyages\/a-velo-dans-le-geoparc-unesco-de-laspromonte\/#breadcrumb","itemListElement":[{"@type":"ListItem","position":1,"name":"Home","item":"https:\/\/www.kalavia.it\/fr\/"},{"@type":"ListItem","position":2,"name":"Voyage","item":"https:\/\/www.kalavia.it\/fr\/voyages\/"},{"@type":"ListItem","position":3,"name":"\u00c0 v\u00e9lo dans le G\u00e9oparc UNESCO de l\u2019Aspromonte"}]},{"@type":"WebSite","@id":"https:\/\/www.kalavia.it\/fr\/#website","url":"https:\/\/www.kalavia.it\/fr\/","name":"Kala Via","description":"","publisher":{"@id":"https:\/\/www.kalavia.it\/fr\/#organization"},"potentialAction":[{"@type":"SearchAction","target":{"@type":"EntryPoint","urlTemplate":"https:\/\/www.kalavia.it\/fr\/?s={search_term_string}"},"query-input":{"@type":"PropertyValueSpecification","valueRequired":true,"valueName":"search_term_string"}}],"inLanguage":"fr-FR"},{"@type":"Organization","@id":"https:\/\/www.kalavia.it\/fr\/#organization","name":"Kala Via","url":"https:\/\/www.kalavia.it\/fr\/","logo":{"@type":"ImageObject","inLanguage":"fr-FR","@id":"https:\/\/www.kalavia.it\/fr\/#\/schema\/logo\/image\/","url":"https:\/\/www.kalavia.it\/wp-content\/uploads\/2026\/01\/kalavia-logo-scheda-browser.jpg","contentUrl":"https:\/\/www.kalavia.it\/wp-content\/uploads\/2026\/01\/kalavia-logo-scheda-browser.jpg","width":512,"height":512,"caption":"Kala Via"},"image":{"@id":"https:\/\/www.kalavia.it\/fr\/#\/schema\/logo\/image\/"}}]}},"_links":{"self":[{"href":"https:\/\/www.kalavia.it\/fr\/wp-json\/wp\/v2\/product\/1343","targetHints":{"allow":["GET"]}}],"collection":[{"href":"https:\/\/www.kalavia.it\/fr\/wp-json\/wp\/v2\/product"}],"about":[{"href":"https:\/\/www.kalavia.it\/fr\/wp-json\/wp\/v2\/types\/product"}],"replies":[{"embeddable":true,"href":"https:\/\/www.kalavia.it\/fr\/wp-json\/wp\/v2\/comments?post=1343"}],"wp:featuredmedia":[{"embeddable":true,"href":"https:\/\/www.kalavia.it\/fr\/wp-json\/wp\/v2\/media\/1684"}],"wp:attachment":[{"href":"https:\/\/www.kalavia.it\/fr\/wp-json\/wp\/v2\/media?parent=1343"}],"wp:term":[{"taxonomy":"product_brand","embeddable":true,"href":"https:\/\/www.kalavia.it\/fr\/wp-json\/wp\/v2\/product_brand?post=1343"},{"taxonomy":"product_cat","embeddable":true,"href":"https:\/\/www.kalavia.it\/fr\/wp-json\/wp\/v2\/product_cat?post=1343"},{"taxonomy":"product_tag","embeddable":true,"href":"https:\/\/www.kalavia.it\/fr\/wp-json\/wp\/v2\/product_tag?post=1343"}],"curies":[{"name":"wp","href":"https:\/\/api.w.org\/{rel}","templated":true}]}}