{"id":1714,"date":"2026-02-24T13:33:34","date_gmt":"2026-02-24T12:33:34","guid":{"rendered":"https:\/\/www.kalavia.it\/?post_type=product&#038;p=1714"},"modified":"2026-03-17T14:01:32","modified_gmt":"2026-03-17T13:01:32","slug":"la-veloroute-des-parcs-de-calabre","status":"publish","type":"product","link":"https:\/\/www.kalavia.it\/fr\/voyages\/la-veloroute-des-parcs-de-calabre\/","title":{"rendered":"La v\u00e9loroute des Parcs de Calabre"},"content":{"rendered":"<p data-start=\"0\" data-end=\"215\">Laur\u00e9ate de l\u2019<em data-start=\"32\" data-end=\"56\">Oscar du cyclotourisme<\/em> (Italian Green Road Award) en 2021, la <strong data-start=\"96\" data-end=\"130\">v\u00e9loroute des Parcs de Calabre<\/strong> est d\u00e9sormais consid\u00e9r\u00e9e comme l\u2019un des grands classiques du cyclotourisme europ\u00e9en.<\/p>\n<p data-start=\"217\" data-end=\"373\">Sur plus de 500 km, le cycliste \u00e9volue au c\u0153ur d\u2019une nature pr\u00e9serv\u00e9e, empruntant des routes presque sans circulation, \u00e0 travers for\u00eats et villages anciens.<\/p>\n<p data-start=\"375\" data-end=\"448\">Kala Via met \u00e0 disposition des voyageurs de nombreux services, tels que :<\/p>\n<ul data-start=\"450\" data-end=\"902\">\n<li data-section-id=\"dg5zal\" data-start=\"450\" data-end=\"553\">\n<p data-start=\"452\" data-end=\"553\">Location de v\u00e9los et de v\u00e9los \u00e9lectriques, avec livraison et reprise au lieu convenu avec le client<\/p>\n<\/li>\n<li data-section-id=\"5mvkim\" data-start=\"554\" data-end=\"578\">\n<p data-start=\"556\" data-end=\"578\">Transport de bagages<\/p>\n<\/li>\n<li data-section-id=\"akkiuk\" data-start=\"579\" data-end=\"623\">\n<p data-start=\"581\" data-end=\"623\">Guide cyclotouristique et\/ou naturaliste<\/p>\n<\/li>\n<li data-section-id=\"1bqnm32\" data-start=\"624\" data-end=\"699\">\n<p data-start=\"626\" data-end=\"699\">H\u00e9bergement dans des structures s\u00e9lectionn\u00e9es avec formule demi-pension<\/p>\n<\/li>\n<li data-section-id=\"19nb8xp\" data-start=\"700\" data-end=\"902\">\n<p data-start=\"702\" data-end=\"902\">Excursions guid\u00e9es vers des sites d\u2019int\u00e9r\u00eat historique et naturel \u00e0 proximit\u00e9 de la v\u00e9loroute (cascades avec bassins baignables, sites g\u00e9ologiques class\u00e9s au patrimoine de l\u2019UNESCO, villages fant\u00f4mes)<\/p>\n<\/li>\n<\/ul>\n<p data-start=\"904\" data-end=\"974\" data-is-last-node=\"\" data-is-only-node=\"\"><strong data-start=\"904\" data-end=\"931\">P\u00e9riodes recommand\u00e9es :<\/strong> de mai \u00e0 juillet et de septembre \u00e0 octobre<\/p>\n<p data-start=\"904\" data-end=\"974\" data-is-last-node=\"\" data-is-only-node=\"\"><img loading=\"lazy\" decoding=\"async\" class=\"alignnone size-medium wp-image-1462\" src=\"https:\/\/www.kalavia.it\/wp-content\/uploads\/2026\/01\/Dal-parco-dellAspromonte-al-parco-delle-Serre-300x225.jpg\" alt=\"\" width=\"300\" height=\"225\" srcset=\"https:\/\/www.kalavia.it\/wp-content\/uploads\/2026\/01\/Dal-parco-dellAspromonte-al-parco-delle-Serre-300x225.jpg 300w, https:\/\/www.kalavia.it\/wp-content\/uploads\/2026\/01\/Dal-parco-dellAspromonte-al-parco-delle-Serre-600x450.jpg 600w, https:\/\/www.kalavia.it\/wp-content\/uploads\/2026\/01\/Dal-parco-dellAspromonte-al-parco-delle-Serre-1024x768.jpg 1024w, https:\/\/www.kalavia.it\/wp-content\/uploads\/2026\/01\/Dal-parco-dellAspromonte-al-parco-delle-Serre-768x576.jpg 768w, https:\/\/www.kalavia.it\/wp-content\/uploads\/2026\/01\/Dal-parco-dellAspromonte-al-parco-delle-Serre-1536x1152.jpg 1536w, https:\/\/www.kalavia.it\/wp-content\/uploads\/2026\/01\/Dal-parco-dellAspromonte-al-parco-delle-Serre.jpg 2048w\" sizes=\"auto, (max-width: 300px) 100vw, 300px\" \/> <img loading=\"lazy\" decoding=\"async\" class=\"alignnone size-medium wp-image-1479\" src=\"https:\/\/www.kalavia.it\/wp-content\/uploads\/2026\/02\/Ciclovia-dei-parchi-della-calabria-300x224.jpg\" alt=\"\" width=\"300\" height=\"224\" srcset=\"https:\/\/www.kalavia.it\/wp-content\/uploads\/2026\/02\/Ciclovia-dei-parchi-della-calabria-300x224.jpg 300w, https:\/\/www.kalavia.it\/wp-content\/uploads\/2026\/02\/Ciclovia-dei-parchi-della-calabria-600x449.jpg 600w, https:\/\/www.kalavia.it\/wp-content\/uploads\/2026\/02\/Ciclovia-dei-parchi-della-calabria-768x574.jpg 768w, https:\/\/www.kalavia.it\/wp-content\/uploads\/2026\/02\/Ciclovia-dei-parchi-della-calabria.jpg 1000w\" sizes=\"auto, (max-width: 300px) 100vw, 300px\" \/><\/p>\n","protected":false},"excerpt":{"rendered":"<p>Laur\u00e9ate de l\u2019Oscar du cyclotourisme (Italian Green Road Award) en 2021, la v\u00e9loroute des Parcs de Calabre est d\u00e9sormais consid\u00e9r\u00e9e comme l\u2019un des grands classiques du cyclotourisme europ\u00e9en. Sur plus de 500 km, le cycliste \u00e9volue au c\u0153ur d\u2019une nature pr\u00e9serv\u00e9e, empruntant des routes presque sans circulation, \u00e0 travers for\u00eats et villages anciens. Kala Via [&hellip;]<\/p>\n","protected":false},"featured_media":1712,"comment_status":"open","ping_status":"closed","template":"","meta":[],"product_brand":[],"product_cat":[235,238,243,234],"product_tag":[],"class_list":{"0":"post-1714","1":"product","2":"type-product","3":"status-publish","4":"has-post-thumbnail","6":"product_cat-e-bike","7":"product_cat-en-liberte","8":"product_cat-nature-2","9":"product_cat-velo","11":"first","12":"instock","13":"shipping-taxable","14":"product-type-simple"},"acf":[],"yoast_head":"<!-- This site is optimized with the Yoast SEO plugin v26.8 - https:\/\/yoast.com\/product\/yoast-seo-wordpress\/ -->\n<title>La v\u00e9loroute des Parcs de Calabre | Kalavia<\/title>\n<meta name=\"robots\" content=\"index, follow, max-snippet:-1, max-image-preview:large, max-video-preview:-1\" \/>\n<link rel=\"canonical\" href=\"https:\/\/www.kalavia.it\/fr\/voyages\/la-veloroute-des-parcs-de-calabre\/\" \/>\n<meta property=\"og:locale\" content=\"fr_FR\" \/>\n<meta property=\"og:type\" content=\"article\" \/>\n<meta property=\"og:title\" content=\"La v\u00e9loroute des Parcs de Calabre | Kalavia\" \/>\n<meta property=\"og:description\" content=\"Laur\u00e9ate de l\u2019Oscar du cyclotourisme (Italian Green Road Award) en 2021, la v\u00e9loroute des Parcs de Calabre est d\u00e9sormais consid\u00e9r\u00e9e comme l\u2019un des grands classiques du cyclotourisme europ\u00e9en. Sur plus de 500 km, le cycliste \u00e9volue au c\u0153ur d\u2019une nature pr\u00e9serv\u00e9e, empruntant des routes presque sans circulation, \u00e0 travers for\u00eats et villages anciens. Kala Via [&hellip;]\" \/>\n<meta property=\"og:url\" content=\"https:\/\/www.kalavia.it\/fr\/voyages\/la-veloroute-des-parcs-de-calabre\/\" \/>\n<meta property=\"og:site_name\" content=\"Kalavia\" \/>\n<meta property=\"article:modified_time\" content=\"2026-03-17T13:01:32+00:00\" \/>\n<meta property=\"og:image\" content=\"https:\/\/www.kalavia.it\/wp-content\/uploads\/2026\/02\/Ciclovia-dei-parchi-della-calabria-scaled.jpeg\" \/>\n\t<meta property=\"og:image:width\" content=\"2560\" \/>\n\t<meta property=\"og:image:height\" content=\"1839\" \/>\n\t<meta property=\"og:image:type\" content=\"image\/jpeg\" \/>\n<meta name=\"twitter:card\" content=\"summary_large_image\" \/>\n<meta name=\"twitter:label1\" content=\"Dur\u00e9e de lecture estim\u00e9e\" \/>\n\t<meta name=\"twitter:data1\" content=\"2 minutes\" \/>\n<script type=\"application\/ld+json\" class=\"yoast-schema-graph\">{\"@context\":\"https:\/\/schema.org\",\"@graph\":[{\"@type\":\"WebPage\",\"@id\":\"https:\/\/www.kalavia.it\/fr\/voyages\/la-veloroute-des-parcs-de-calabre\/\",\"url\":\"https:\/\/www.kalavia.it\/fr\/voyages\/la-veloroute-des-parcs-de-calabre\/\",\"name\":\"La v\u00e9loroute des Parcs de Calabre | Kalavia\",\"isPartOf\":{\"@id\":\"https:\/\/www.kalavia.it\/fr\/#website\"},\"primaryImageOfPage\":{\"@id\":\"https:\/\/www.kalavia.it\/fr\/voyages\/la-veloroute-des-parcs-de-calabre\/#primaryimage\"},\"image\":{\"@id\":\"https:\/\/www.kalavia.it\/fr\/voyages\/la-veloroute-des-parcs-de-calabre\/#primaryimage\"},\"thumbnailUrl\":\"https:\/\/www.kalavia.it\/wp-content\/uploads\/2026\/02\/Ciclovia-dei-parchi-della-calabria-scaled.jpeg\",\"datePublished\":\"2026-02-24T12:33:34+00:00\",\"dateModified\":\"2026-03-17T13:01:32+00:00\",\"breadcrumb\":{\"@id\":\"https:\/\/www.kalavia.it\/fr\/voyages\/la-veloroute-des-parcs-de-calabre\/#breadcrumb\"},\"inLanguage\":\"fr-FR\",\"potentialAction\":[{\"@type\":\"ReadAction\",\"target\":[\"https:\/\/www.kalavia.it\/fr\/voyages\/la-veloroute-des-parcs-de-calabre\/\"]}]},{\"@type\":\"ImageObject\",\"inLanguage\":\"fr-FR\",\"@id\":\"https:\/\/www.kalavia.it\/fr\/voyages\/la-veloroute-des-parcs-de-calabre\/#primaryimage\",\"url\":\"https:\/\/www.kalavia.it\/wp-content\/uploads\/2026\/02\/Ciclovia-dei-parchi-della-calabria-scaled.jpeg\",\"contentUrl\":\"https:\/\/www.kalavia.it\/wp-content\/uploads\/2026\/02\/Ciclovia-dei-parchi-della-calabria-scaled.jpeg\",\"width\":2560,\"height\":1839,\"caption\":\"Ciclovia dei Parchi, un tratto del percorso sul lago Ampollino\"},{\"@type\":\"BreadcrumbList\",\"@id\":\"https:\/\/www.kalavia.it\/fr\/voyages\/la-veloroute-des-parcs-de-calabre\/#breadcrumb\",\"itemListElement\":[{\"@type\":\"ListItem\",\"position\":1,\"name\":\"Home\",\"item\":\"https:\/\/www.kalavia.it\/fr\/\"},{\"@type\":\"ListItem\",\"position\":2,\"name\":\"Voyage\",\"item\":\"https:\/\/www.kalavia.it\/fr\/voyages\/\"},{\"@type\":\"ListItem\",\"position\":3,\"name\":\"La v\u00e9loroute des Parcs de Calabre\"}]},{\"@type\":\"WebSite\",\"@id\":\"https:\/\/www.kalavia.it\/fr\/#website\",\"url\":\"https:\/\/www.kalavia.it\/fr\/\",\"name\":\"Kala Via\",\"description\":\"\",\"publisher\":{\"@id\":\"https:\/\/www.kalavia.it\/fr\/#organization\"},\"potentialAction\":[{\"@type\":\"SearchAction\",\"target\":{\"@type\":\"EntryPoint\",\"urlTemplate\":\"https:\/\/www.kalavia.it\/fr\/?s={search_term_string}\"},\"query-input\":{\"@type\":\"PropertyValueSpecification\",\"valueRequired\":true,\"valueName\":\"search_term_string\"}}],\"inLanguage\":\"fr-FR\"},{\"@type\":\"Organization\",\"@id\":\"https:\/\/www.kalavia.it\/fr\/#organization\",\"name\":\"Kala Via\",\"url\":\"https:\/\/www.kalavia.it\/fr\/\",\"logo\":{\"@type\":\"ImageObject\",\"inLanguage\":\"fr-FR\",\"@id\":\"https:\/\/www.kalavia.it\/fr\/#\/schema\/logo\/image\/\",\"url\":\"https:\/\/www.kalavia.it\/wp-content\/uploads\/2026\/01\/kalavia-logo-scheda-browser.jpg\",\"contentUrl\":\"https:\/\/www.kalavia.it\/wp-content\/uploads\/2026\/01\/kalavia-logo-scheda-browser.jpg\",\"width\":512,\"height\":512,\"caption\":\"Kala Via\"},\"image\":{\"@id\":\"https:\/\/www.kalavia.it\/fr\/#\/schema\/logo\/image\/\"}}]}<\/script>\n<!-- \/ Yoast SEO plugin. -->","yoast_head_json":{"title":"La v\u00e9loroute des Parcs de Calabre | Kalavia","robots":{"index":"index","follow":"follow","max-snippet":"max-snippet:-1","max-image-preview":"max-image-preview:large","max-video-preview":"max-video-preview:-1"},"canonical":"https:\/\/www.kalavia.it\/fr\/voyages\/la-veloroute-des-parcs-de-calabre\/","og_locale":"fr_FR","og_type":"article","og_title":"La v\u00e9loroute des Parcs de Calabre | Kalavia","og_description":"Laur\u00e9ate de l\u2019Oscar du cyclotourisme (Italian Green Road Award) en 2021, la v\u00e9loroute des Parcs de Calabre est d\u00e9sormais consid\u00e9r\u00e9e comme l\u2019un des grands classiques du cyclotourisme europ\u00e9en. Sur plus de 500 km, le cycliste \u00e9volue au c\u0153ur d\u2019une nature pr\u00e9serv\u00e9e, empruntant des routes presque sans circulation, \u00e0 travers for\u00eats et villages anciens. Kala Via [&hellip;]","og_url":"https:\/\/www.kalavia.it\/fr\/voyages\/la-veloroute-des-parcs-de-calabre\/","og_site_name":"Kalavia","article_modified_time":"2026-03-17T13:01:32+00:00","og_image":[{"width":2560,"height":1839,"url":"https:\/\/www.kalavia.it\/wp-content\/uploads\/2026\/02\/Ciclovia-dei-parchi-della-calabria-scaled.jpeg","type":"image\/jpeg"}],"twitter_card":"summary_large_image","twitter_misc":{"Dur\u00e9e de lecture estim\u00e9e":"2 minutes"},"schema":{"@context":"https:\/\/schema.org","@graph":[{"@type":"WebPage","@id":"https:\/\/www.kalavia.it\/fr\/voyages\/la-veloroute-des-parcs-de-calabre\/","url":"https:\/\/www.kalavia.it\/fr\/voyages\/la-veloroute-des-parcs-de-calabre\/","name":"La v\u00e9loroute des Parcs de Calabre | Kalavia","isPartOf":{"@id":"https:\/\/www.kalavia.it\/fr\/#website"},"primaryImageOfPage":{"@id":"https:\/\/www.kalavia.it\/fr\/voyages\/la-veloroute-des-parcs-de-calabre\/#primaryimage"},"image":{"@id":"https:\/\/www.kalavia.it\/fr\/voyages\/la-veloroute-des-parcs-de-calabre\/#primaryimage"},"thumbnailUrl":"https:\/\/www.kalavia.it\/wp-content\/uploads\/2026\/02\/Ciclovia-dei-parchi-della-calabria-scaled.jpeg","datePublished":"2026-02-24T12:33:34+00:00","dateModified":"2026-03-17T13:01:32+00:00","breadcrumb":{"@id":"https:\/\/www.kalavia.it\/fr\/voyages\/la-veloroute-des-parcs-de-calabre\/#breadcrumb"},"inLanguage":"fr-FR","potentialAction":[{"@type":"ReadAction","target":["https:\/\/www.kalavia.it\/fr\/voyages\/la-veloroute-des-parcs-de-calabre\/"]}]},{"@type":"ImageObject","inLanguage":"fr-FR","@id":"https:\/\/www.kalavia.it\/fr\/voyages\/la-veloroute-des-parcs-de-calabre\/#primaryimage","url":"https:\/\/www.kalavia.it\/wp-content\/uploads\/2026\/02\/Ciclovia-dei-parchi-della-calabria-scaled.jpeg","contentUrl":"https:\/\/www.kalavia.it\/wp-content\/uploads\/2026\/02\/Ciclovia-dei-parchi-della-calabria-scaled.jpeg","width":2560,"height":1839,"caption":"Ciclovia dei Parchi, un tratto del percorso sul lago Ampollino"},{"@type":"BreadcrumbList","@id":"https:\/\/www.kalavia.it\/fr\/voyages\/la-veloroute-des-parcs-de-calabre\/#breadcrumb","itemListElement":[{"@type":"ListItem","position":1,"name":"Home","item":"https:\/\/www.kalavia.it\/fr\/"},{"@type":"ListItem","position":2,"name":"Voyage","item":"https:\/\/www.kalavia.it\/fr\/voyages\/"},{"@type":"ListItem","position":3,"name":"La v\u00e9loroute des Parcs de Calabre"}]},{"@type":"WebSite","@id":"https:\/\/www.kalavia.it\/fr\/#website","url":"https:\/\/www.kalavia.it\/fr\/","name":"Kala Via","description":"","publisher":{"@id":"https:\/\/www.kalavia.it\/fr\/#organization"},"potentialAction":[{"@type":"SearchAction","target":{"@type":"EntryPoint","urlTemplate":"https:\/\/www.kalavia.it\/fr\/?s={search_term_string}"},"query-input":{"@type":"PropertyValueSpecification","valueRequired":true,"valueName":"search_term_string"}}],"inLanguage":"fr-FR"},{"@type":"Organization","@id":"https:\/\/www.kalavia.it\/fr\/#organization","name":"Kala Via","url":"https:\/\/www.kalavia.it\/fr\/","logo":{"@type":"ImageObject","inLanguage":"fr-FR","@id":"https:\/\/www.kalavia.it\/fr\/#\/schema\/logo\/image\/","url":"https:\/\/www.kalavia.it\/wp-content\/uploads\/2026\/01\/kalavia-logo-scheda-browser.jpg","contentUrl":"https:\/\/www.kalavia.it\/wp-content\/uploads\/2026\/01\/kalavia-logo-scheda-browser.jpg","width":512,"height":512,"caption":"Kala Via"},"image":{"@id":"https:\/\/www.kalavia.it\/fr\/#\/schema\/logo\/image\/"}}]}},"_links":{"self":[{"href":"https:\/\/www.kalavia.it\/fr\/wp-json\/wp\/v2\/product\/1714","targetHints":{"allow":["GET"]}}],"collection":[{"href":"https:\/\/www.kalavia.it\/fr\/wp-json\/wp\/v2\/product"}],"about":[{"href":"https:\/\/www.kalavia.it\/fr\/wp-json\/wp\/v2\/types\/product"}],"replies":[{"embeddable":true,"href":"https:\/\/www.kalavia.it\/fr\/wp-json\/wp\/v2\/comments?post=1714"}],"wp:featuredmedia":[{"embeddable":true,"href":"https:\/\/www.kalavia.it\/fr\/wp-json\/wp\/v2\/media\/1712"}],"wp:attachment":[{"href":"https:\/\/www.kalavia.it\/fr\/wp-json\/wp\/v2\/media?parent=1714"}],"wp:term":[{"taxonomy":"product_brand","embeddable":true,"href":"https:\/\/www.kalavia.it\/fr\/wp-json\/wp\/v2\/product_brand?post=1714"},{"taxonomy":"product_cat","embeddable":true,"href":"https:\/\/www.kalavia.it\/fr\/wp-json\/wp\/v2\/product_cat?post=1714"},{"taxonomy":"product_tag","embeddable":true,"href":"https:\/\/www.kalavia.it\/fr\/wp-json\/wp\/v2\/product_tag?post=1714"}],"curies":[{"name":"wp","href":"https:\/\/api.w.org\/{rel}","templated":true}]}}